{"id":52,"date":"2023-05-22T10:49:14","date_gmt":"2023-05-22T10:49:14","guid":{"rendered":"http:\/\/akademie-germanica.net\/?page_id=52"},"modified":"2023-05-31T18:10:32","modified_gmt":"2023-05-31T18:10:32","slug":"nuestra-escuela","status":"publish","type":"page","link":"http:\/\/akademie-germanica.net\/inicio\/nuestra-escuela\/","title":{"rendered":"Nuestra escuela"},"content":{"rendered":"<p><\/p><h1 class=\"wp-block-heading\"><\/h1><p>AKADEMIE GERMANICA fundada en mil novecientos noventa y cinco es una escuela dedicada exclusivamente al aprendizaje del idioma alem\u00e1n. Nuestra sede est\u00e1 ubicada en Frankfurt am Main, en el c\u00e9ntrico barrio de Bockenheim &#8211; al lado de la Universidad. AKADEMIE GERMANICA te ofrece desde cursos de alem\u00e1n para principiantes hasta cursos de perfeccionamiento.<\/p><p id=\"block-3f04339b-3229-40f1-999c-0dc10b6de4b1\">El trabajo en grupos peque\u00f1os de 3 a 8 estudiantes te garantizan un aprendizaje eficaz del idioma alem\u00e1n. .<\/p><p id=\"block-bcc760ce-bc65-40c5-a38f-95bd82156a24\">Ofrecemos cursos de dos, tres o cuatro veces por semanas en las ma\u00f1anas, tardes o noches. Los s\u00e1bados hay cursos de una vez por semana.<\/p><p id=\"block-c293b4d5-9bcd-4ac4-aa8a-f007b0098765\">Para los estudiantes con visado para estudiar el idioma ofrecemos tambi\u00e9n cursos intensivos. Cada curso intensivo de alem\u00e1n tiene una duraci\u00f3n de cuatro semanas hasta un a\u00f1o. Puedes escoger entre 4 \u00f3 6 horas diarias de clase en un ambiente agradable de lunes a viernes.<\/p><p id=\"block-3979b754-db55-400e-a915-516beeca725f\">Tambi\u00e9n ofrecemos por supuesto clases individuales para un estudio m\u00e1s r\u00e1pido del idioma.<\/p><p id=\"block-5ac4203a-850e-4486-ad34-386e4d83d8f9\">\ufeff<\/p><figure class=\"wp-block-image size-medium is-style-default\"><img loading=\"lazy\" decoding=\"async\" width=\"240\" height=\"300\" src=\"http:\/\/akademie-germanica.net\/wp-content\/uploads\/2023\/05\/349666736_272410718560317_1000150649270811681_n-240x300.jpg\" alt=\"\" class=\"wp-image-157\" srcset=\"http:\/\/akademie-germanica.net\/wp-content\/uploads\/2023\/05\/349666736_272410718560317_1000150649270811681_n-240x300.jpg 240w, http:\/\/akademie-germanica.net\/wp-content\/uploads\/2023\/05\/349666736_272410718560317_1000150649270811681_n-821x1024.jpg 821w, http:\/\/akademie-germanica.net\/wp-content\/uploads\/2023\/05\/349666736_272410718560317_1000150649270811681_n-768x958.jpg 768w, http:\/\/akademie-germanica.net\/wp-content\/uploads\/2023\/05\/349666736_272410718560317_1000150649270811681_n-1231x1536.jpg 1231w, http:\/\/akademie-germanica.net\/wp-content\/uploads\/2023\/05\/349666736_272410718560317_1000150649270811681_n-600x749.jpg 600w, http:\/\/akademie-germanica.net\/wp-content\/uploads\/2023\/05\/349666736_272410718560317_1000150649270811681_n.jpg 1440w\" sizes=\"(max-width: 240px) 100vw, 240px\" \/><\/figure><figure class=\"wp-block-image size-medium is-style-default\"><img loading=\"lazy\" decoding=\"async\" width=\"300\" height=\"225\" src=\"http:\/\/akademie-germanica.net\/wp-content\/uploads\/2023\/05\/349346537_799191378240244_550332321240146847_n-300x225.jpg\" alt=\"\" class=\"wp-image-156\" srcset=\"http:\/\/akademie-germanica.net\/wp-content\/uploads\/2023\/05\/349346537_799191378240244_550332321240146847_n-300x225.jpg 300w, http:\/\/akademie-germanica.net\/wp-content\/uploads\/2023\/05\/349346537_799191378240244_550332321240146847_n-1024x768.jpg 1024w, http:\/\/akademie-germanica.net\/wp-content\/uploads\/2023\/05\/349346537_799191378240244_550332321240146847_n-768x576.jpg 768w, http:\/\/akademie-germanica.net\/wp-content\/uploads\/2023\/05\/349346537_799191378240244_550332321240146847_n-600x450.jpg 600w, http:\/\/akademie-germanica.net\/wp-content\/uploads\/2023\/05\/349346537_799191378240244_550332321240146847_n.jpg 1440w\" sizes=\"(max-width: 300px) 100vw, 300px\" \/><\/figure><p><\/p><p><\/p><h2 class=\"wp-block-heading\">Impressum:<\/h2><h2 class=\"wp-block-heading\">Angaben gem\u00e4\u00df \u00a7 5 TMG<\/h2><p>Francisco Hernandez Akademie Germanica<br>Am Weingarten 1<\/p><p>60487 Frankfurt am Main<br><\/p><h2 class=\"wp-block-heading\">Kontakt<\/h2><p>Telefon: 069-40038495<br>Telefax: 069-40038498<br>E-Mail: info@akademie-germanica.org<\/p><h2 class=\"wp-block-heading\">Redaktionell verantwortlich<\/h2><p>Francisco Hernandez Akademie Germanica<br>Am Weingarten 1<\/p><p>60487 Frankfurt am Main<\/p><h2 class=\"wp-block-heading\">EU-Streitschlichtung<\/h2><p>Die Europ\u00e4ische Kommission stellt eine Plattform zur Online-Streitbeilegung (OS) bereit: <a href=\"https:\/\/ec.europa.eu\/consumers\/odr\/\" target=\"_blank\" rel=\"noreferrer noopener\">https:\/\/ec.europa.eu\/consumers\/odr\/<\/a>.<br>Unsere E-Mail-Adresse finden Sie oben im Impressum.<\/p><h2 class=\"wp-block-heading\">Verbraucher\u00adstreit\u00adbeilegung\/Universal\u00adschlichtungs\u00adstelle<\/h2><p>Wir sind nicht bereit oder verpflichtet, an Streitbeilegungsverfahren vor einer Verbraucherschlichtungsstelle teilzunehmen.<\/p>","protected":false},"excerpt":{"rendered":"<p>AKADEMIE GERMANICA fundada en mil novecientos noventa y cinco es una escuela dedicada exclusivamente al aprendizaje del idioma alem\u00e1n. Nuestra sede est\u00e1 ubicada en Frankfurt am Main, en el c\u00e9ntrico barrio de Bockenheim &#8211; al lado de la Universidad. AKADEMIE GERMANICA te ofrece desde cursos de alem\u00e1n para principiantes hasta cursos de perfeccionamiento. El trabajo en grupos peque\u00f1os de 3 a 8 estudiantes te garantizan un aprendizaje eficaz del idioma alem\u00e1n. . Ofrecemos cursos de dos, tres o cuatro veces por semanas en las ma\u00f1anas, tardes o noches. Los s\u00e1bados hay cursos de una vez por semana. Para los estudiantes con visado para estudiar el idioma ofrecemos tambi\u00e9n cursos intensivos.&hellip; <a class=\"read-more\" href=\"http:\/\/akademie-germanica.net\/inicio\/nuestra-escuela\/\">Read More<\/a><\/p>\n","protected":false},"author":1,"featured_media":0,"parent":0,"menu_order":0,"comment_status":"closed","ping_status":"closed","template":"","meta":{"footnotes":""},"class_list":["post-52","page","type-page","status-publish","hentry"],"_links":{"self":[{"href":"http:\/\/akademie-germanica.net\/inicio\/wp-json\/wp\/v2\/pages\/52"}],"collection":[{"href":"http:\/\/akademie-germanica.net\/inicio\/wp-json\/wp\/v2\/pages"}],"about":[{"href":"http:\/\/akademie-germanica.net\/inicio\/wp-json\/wp\/v2\/types\/page"}],"author":[{"embeddable":true,"href":"http:\/\/akademie-germanica.net\/inicio\/wp-json\/wp\/v2\/users\/1"}],"replies":[{"embeddable":true,"href":"http:\/\/akademie-germanica.net\/inicio\/wp-json\/wp\/v2\/comments?post=52"}],"version-history":[{"count":5,"href":"http:\/\/akademie-germanica.net\/inicio\/wp-json\/wp\/v2\/pages\/52\/revisions"}],"predecessor-version":[{"id":218,"href":"http:\/\/akademie-germanica.net\/inicio\/wp-json\/wp\/v2\/pages\/52\/revisions\/218"}],"wp:attachment":[{"href":"http:\/\/akademie-germanica.net\/inicio\/wp-json\/wp\/v2\/media?parent=52"}],"curies":[{"name":"wp","href":"https:\/\/api.w.org\/{rel}","templated":true}]}}