{"id":44,"date":"2023-05-21T22:34:44","date_gmt":"2023-05-21T22:34:44","guid":{"rendered":"http:\/\/akademie-germanica.net\/?page_id=44"},"modified":"2023-05-30T10:11:24","modified_gmt":"2023-05-30T10:11:24","slug":"unsere-kurse","status":"publish","type":"page","link":"http:\/\/akademie-germanica.net\/inicio\/unsere-kurse\/","title":{"rendered":"Unsere Kurse"},"content":{"rendered":"<p><\/p><p><strong>Stundenplan \u2013 Neue Deutschkurse Juni 2023<\/strong><\/p><p>F\u00fcr: Deutsch als Fremdsprache in Frankfurt am Main \u2013 Gruppenkurse \u2013 Akademie Germanica<\/p><figure class=\"wp-block-table\"><table><tbody><tr><td><strong>&nbsp;<\/strong><\/td><td><strong>Montag<\/strong><strong><\/strong><\/td><td><strong>Dienstag<\/strong><strong><\/strong><\/td><td><strong>Mittwoch<\/strong><strong><\/strong><\/td><td><strong>Donnerstag<\/strong><strong><\/strong><\/td><td><strong>Freitag<\/strong><strong><\/strong><\/td><td><strong>Samstag<\/strong><strong><\/strong><\/td><\/tr><tr><td>&nbsp;<\/td><td>8:30-10:30 B1 Kurs 10<\/td><td>&nbsp;<\/td><td>8:30-10:30 B1 Kurs 10<\/td><td>8:30-10:30 B1 Kurs 10<\/td><td>8:30-10:30 B1 Kurs 10<\/td><td>8:30-10:00 A1 Kurs 33<\/td><\/tr><tr><td>&nbsp;<\/td><td>8:30-10:30 A1 Kurs 14<\/td><td>9:30-12:30 A2 Kurs 16<\/td><td>9:30-12:30 A2 Kurs 16<\/td><td>8:30-10:30 A1 Kurs 14<\/td><td>9:00-10:30 A1 Kurs 14<\/td><td>10:00-12:00 C1 Kurs 31<\/td><\/tr><tr><td>&nbsp;<\/td><td>10:30-12:30 B2 Kurs 13<\/td><td>11:00-13:00 B2 Kurs 11<\/td><td>10:30-12:00 B2 Kurs 13<\/td><td>11:00-13:00 B2 Kurs 11<\/td><td>10:30-12:30 B2 Kurs 13<\/td><td>12:00-14:00 B1 Kurs 32<\/td><\/tr><tr><td>&nbsp;<\/td><td>13:00-14:30 A2 Kurs 15<\/td><td>13:00-14:30 A2 Kurs 15<\/td><td>12:00-13:30 B2 Kurs 11<\/td><td>&nbsp;<\/td><td>13:00-14:30 A2 Kurs 15<\/td><td>&nbsp;<\/td><\/tr><tr><td>&nbsp;<\/td><td>14:30-16:30 B1 Kurs 12<\/td><td>14:30-16:30 B1 Kurs 12<\/td><td>&nbsp;<\/td><td>&nbsp;<\/td><td>14:30-16:30 B1 Kurs 12<\/td><td>&nbsp;<\/td><\/tr><tr><td>&nbsp;<\/td><td>&nbsp;<\/td><td>&nbsp;<\/td><td>&nbsp;<\/td><td>&nbsp;<\/td><td>&nbsp;<\/td><td>&nbsp;<\/td><\/tr><tr><td>&nbsp;<\/td><td>&nbsp;<\/td><td>&nbsp;<\/td><td>&nbsp;<\/td><td>&nbsp;<\/td><td>&nbsp;<\/td><td>&nbsp;<\/td><\/tr><tr><td>&nbsp;<\/td><td>&nbsp;<\/td><td>&nbsp;<\/td><td>&nbsp;<\/td><td>&nbsp;<\/td><td>&nbsp;<\/td><td>&nbsp;<\/td><\/tr><tr><td>&nbsp;<\/td><td>20:15-21:45 A2 Kurs 21<\/td><td>18:00-19:30 A1 Kurs 22<\/td><td>20:15-21:45 A2 Kurs 21<\/td><td>&nbsp;<\/td><td>18:00-19:30 A1 Kurs 22<\/td><td>&nbsp;<\/td><\/tr><tr><td>&nbsp;<\/td><td>&nbsp;<\/td><td>&nbsp;<\/td><td>&nbsp;<\/td><td>&nbsp;<\/td><td>&nbsp;<\/td><td>&nbsp;<\/td><\/tr><tr><td>&nbsp;<\/td><td>&nbsp;<\/td><td>&nbsp;<\/td><td>&nbsp;<\/td><td>&nbsp;<\/td><td>&nbsp;<\/td><td>&nbsp;<\/td><\/tr><\/tbody><\/table><\/figure><p><\/p><figure class=\"wp-block-table\"><table><tbody><tr><td colspan=\"2\"><strong>Preise f\u00fcr Deutschkurse 2023<\/strong><\/td><td><strong>&nbsp;<\/strong><\/td><td><strong>Preis pro Monat<\/strong><\/td><\/tr><tr><td>Kurs<\/td><td>Stufe<\/td><td colspan=\"2\">4 Wochen<\/td><\/tr><tr><td>Kurs 10<\/td><td>B1<\/td><td colspan=\"2\">110 \u20ac<\/td><\/tr><tr><td>Kurs 11<\/td><td>B2<\/td><td colspan=\"2\">130 \u20ac<\/td><\/tr><tr><td>Kurs 12<\/td><td>B1<\/td><td colspan=\"2\">100 \u20ac<\/td><\/tr><tr><td>Kurs 13<\/td><td>B2<\/td><td colspan=\"2\">&nbsp;90 \u20ac<\/td><\/tr><tr><td>&nbsp;<\/td><td>&nbsp;<\/td><td colspan=\"2\">&nbsp;<\/td><\/tr><tr><td>Kurs 14<\/td><td>A1<\/td><td colspan=\"2\">90 \u20ac<\/td><\/tr><tr><td>Kurs 15<\/td><td>A2<\/td><td colspan=\"2\">90 \u20ac<\/td><\/tr><tr><td>Kurs 16<\/td><td>A2<\/td><td colspan=\"2\">80 \u20ac<\/td><\/tr><tr><td>&nbsp;<\/td><td>&nbsp;<\/td><td colspan=\"2\">&nbsp;<\/td><\/tr><tr><td>Kurs 21<\/td><td>A2<\/td><td colspan=\"2\">100 \u20ac<\/td><\/tr><tr><td>Kurs 22<\/td><td>A1<\/td><td colspan=\"2\">100 \u20ac<\/td><\/tr><tr><td>&nbsp;<\/td><td>&nbsp;<\/td><td colspan=\"2\">&nbsp;<\/td><\/tr><tr><td>Kurs 31<\/td><td>C1<\/td><td colspan=\"2\">70 \u20ac<\/td><\/tr><tr><td>Kurs 32<\/td><td>B1<\/td><td colspan=\"2\">70 \u20ac<\/td><\/tr><tr><td>Kurs 33<\/td><td>A1<\/td><td colspan=\"2\">60 \u20ac<\/td><\/tr><\/tbody><\/table><\/figure><figure class=\"wp-block-image\"><img loading=\"lazy\" decoding=\"async\" width=\"960\" height=\"720\" src=\"http:\/\/akademie-germanica.net\/wp-content\/uploads\/2023\/05\/Deutschgruppe-Juli-13.jpg\" alt=\"\" class=\"wp-image-15\" srcset=\"http:\/\/akademie-germanica.net\/wp-content\/uploads\/2023\/05\/Deutschgruppe-Juli-13.jpg 960w, http:\/\/akademie-germanica.net\/wp-content\/uploads\/2023\/05\/Deutschgruppe-Juli-13-300x225.jpg 300w, http:\/\/akademie-germanica.net\/wp-content\/uploads\/2023\/05\/Deutschgruppe-Juli-13-768x576.jpg 768w, http:\/\/akademie-germanica.net\/wp-content\/uploads\/2023\/05\/Deutschgruppe-Juli-13-600x450.jpg 600w\" sizes=\"(max-width: 960px) 100vw, 960px\" \/><\/figure><div class=\"wp-block-cover alignfull is-light\" style=\"margin-top:0;padding-top:5vw;padding-right:5vw;padding-bottom:5vw;padding-left:5vw;min-height:66vh;aspect-ratio:unset;\"><span aria-hidden=\"true\" class=\"wp-block-cover__background has-background-dim-100 has-background-dim has-background-gradient\" style=\"background:linear-gradient(90deg,rgb(35,74,20) 50%,rgb(225,137,116) 50%)\"><\/span><div class=\"wp-block-cover__inner-container is-layout-flow wp-block-cover-is-layout-flow\"><div class=\"wp-block-group wp-container-content-1\"><div class=\"wp-block-group__inner-container is-layout-constrained wp-container-core-group-is-layout-1 wp-block-group-is-layout-constrained\"><div style=\"height:100px\" aria-hidden=\"true\" class=\"wp-block-spacer\"><\/div>\n\n<figure class=\"wp-block-image size-full is-style-default wp-duotone-000000-ffffff-1\"><img loading=\"lazy\" decoding=\"async\" width=\"535\" height=\"280\" src=\"http:\/\/akademie-germanica.net\/wp-content\/uploads\/2023\/05\/83328447_2722911524411621_376533709756563456_n.jpg\" alt=\"Escuela de aleman Deutsch-Schule German school\" class=\"wp-image-110\" srcset=\"http:\/\/akademie-germanica.net\/wp-content\/uploads\/2023\/05\/83328447_2722911524411621_376533709756563456_n.jpg 535w, http:\/\/akademie-germanica.net\/wp-content\/uploads\/2023\/05\/83328447_2722911524411621_376533709756563456_n-300x157.jpg 300w\" sizes=\"(max-width: 535px) 100vw, 535px\" \/><\/figure>\n\n<div style=\"height:48px\" aria-hidden=\"true\" class=\"wp-block-spacer\"><\/div>\n\n<h2 class=\"wp-block-heading alignwide has-text-align-center has-white-color has-text-color\" style=\"padding-left:32px;font-size:50px;font-style:normal;font-weight:400;letter-spacing:32px;line-height:1;text-transform:uppercase\"><em>Deutsch Kurse<\/em><\/h2>\n\n<h2 class=\"wp-block-heading alignwide has-white-color has-text-color\" style=\"padding-left:32px;font-size:50px;font-style:normal;font-weight:400;letter-spacing:32px;line-height:1;text-transform:uppercase\"><\/h2>\n\n<div style=\"height:100px\" aria-hidden=\"true\" class=\"wp-block-spacer\"><\/div><\/div><\/div><\/div><\/div><p class=\"has-text-align-center\"><mark style=\"background-color:#f78da7\" class=\"has-inline-color\"><strong>Niveau A1<\/strong>:<\/mark><\/p><p><strong>Das Niveau A1 ist das erste Sprachniveau<\/strong>, das Sie erreichen, wenn Sie anfangen, Deutsch zu lernen. In diesem Niveau bekommen Sie die grundlegenden Kenntnisse \u00fcber die deutsche Sprache sowie Grammatik und k\u00f6nnen mit diesem Niveau allt\u00e4gliche Ausdr\u00fccke und ganz einfache S\u00e4tze verstehen und benutzen. Um im Alltag zu kommunizieren, reicht dieses Niveau nat\u00fcrlich nicht aus, es bildet aber die wichtigste Grundlage, um h\u00f6here Niveaus erfolgreich zu erreichen.<\/p><p class=\"has-text-align-center\"><strong><mark style=\"background-color:#f78da7\" class=\"has-inline-color\">Kompetenzen:<\/mark><\/strong><\/p><p><strong>H\u00f6ren:&nbsp;<\/strong>Ich kann vertraute W\u00f6rter und ganz einfache S\u00e4tze verstehen, die sich auf mich selbst, meine Familie oder auf konkrete Dinge um mich herum beziehen, vorausgesetzt es wird langsam und deutlich gesprochen.<\/p><p><strong>Lesen:<\/strong>&nbsp;Ich kann einzelne vertraute Namen, W\u00f6rter und ganz einfache S\u00e4tze verstehen, z. B. auf Schildern, Plakaten oder in Katalogen.<\/p><p><strong>Zusammenh\u00e4ngendes Sprechen:<\/strong>&nbsp;Ich kann einfache Wendungen und S\u00e4tze gebrauchen, um Leute, die ich kenne, zu beschreiben und um zu beschreiben, wo ich wohne.<\/p><p><strong>An Gespr\u00e4chen teilnehmen:&nbsp;<\/strong>Ich kann mich auf einfache Art verst\u00e4ndigen, wenn mein Gespr\u00e4chspartner bereit ist, etwas langsamer zu wiederholen oder anders zu sagen, und mir dabei hilft zu formulieren, was ich zu sagen versuche. Ich kann einfache Fragen stellen und beantworten, sofern es sich um unmittelbar notwendige Dinge und um sehr vertraute Themen handelt.<\/p><p><strong>Schreiben:<\/strong>&nbsp;Ich kann eine kurze einfache Postkarte schreiben, z. B. Feriengr\u00fc\u00dfe. Ich kann auf Formularen, z. B. in Hotels, Namen, Adresse, Nationalit\u00e4t usw. eintragen.<\/p>","protected":false},"excerpt":{"rendered":"<p>Stundenplan \u2013 Neue Deutschkurse Juni 2023 F\u00fcr: Deutsch als Fremdsprache in Frankfurt am Main \u2013 Gruppenkurse \u2013 Akademie Germanica &nbsp; Montag Dienstag Mittwoch Donnerstag Freitag Samstag &nbsp; 8:30-10:30 B1 Kurs 10 &nbsp; 8:30-10:30 B1 Kurs 10 8:30-10:30 B1 Kurs 10 8:30-10:30 B1 Kurs 10 8:30-10:00 A1 Kurs 33 &nbsp; 8:30-10:30 A1 Kurs 14 9:30-12:30 A2 Kurs 16 9:30-12:30 A2 Kurs 16 8:30-10:30 A1 Kurs 14 9:00-10:30 A1 Kurs 14 10:00-12:00 C1 Kurs 31 &nbsp; 10:30-12:30 B2 Kurs 13 11:00-13:00 B2 Kurs 11 10:30-12:00 B2 Kurs 13 11:00-13:00 B2 Kurs 11 10:30-12:30 B2 Kurs 13 12:00-14:00 B1 Kurs 32 &nbsp; 13:00-14:30 A2 Kurs 15 13:00-14:30 A2 Kurs 15 12:00-13:30 B2 Kurs&hellip; <a class=\"read-more\" href=\"http:\/\/akademie-germanica.net\/inicio\/unsere-kurse\/\">Read More<\/a><\/p>\n","protected":false},"author":1,"featured_media":115,"parent":0,"menu_order":0,"comment_status":"closed","ping_status":"closed","template":"","meta":{"footnotes":""},"class_list":["post-44","page","type-page","status-publish","has-post-thumbnail","hentry"],"_links":{"self":[{"href":"http:\/\/akademie-germanica.net\/inicio\/wp-json\/wp\/v2\/pages\/44"}],"collection":[{"href":"http:\/\/akademie-germanica.net\/inicio\/wp-json\/wp\/v2\/pages"}],"about":[{"href":"http:\/\/akademie-germanica.net\/inicio\/wp-json\/wp\/v2\/types\/page"}],"author":[{"embeddable":true,"href":"http:\/\/akademie-germanica.net\/inicio\/wp-json\/wp\/v2\/users\/1"}],"replies":[{"embeddable":true,"href":"http:\/\/akademie-germanica.net\/inicio\/wp-json\/wp\/v2\/comments?post=44"}],"version-history":[{"count":11,"href":"http:\/\/akademie-germanica.net\/inicio\/wp-json\/wp\/v2\/pages\/44\/revisions"}],"predecessor-version":[{"id":198,"href":"http:\/\/akademie-germanica.net\/inicio\/wp-json\/wp\/v2\/pages\/44\/revisions\/198"}],"wp:featuredmedia":[{"embeddable":true,"href":"http:\/\/akademie-germanica.net\/inicio\/wp-json\/wp\/v2\/media\/115"}],"wp:attachment":[{"href":"http:\/\/akademie-germanica.net\/inicio\/wp-json\/wp\/v2\/media?parent=44"}],"curies":[{"name":"wp","href":"https:\/\/api.w.org\/{rel}","templated":true}]}}